{"id":76,"date":"2025-12-26T13:50:41","date_gmt":"2025-12-26T12:50:41","guid":{"rendered":"http:\/\/localhost\/zaposlitve\/"},"modified":"2026-04-08T16:53:49","modified_gmt":"2026-04-08T15:53:49","slug":"zaposlitev","status":"publish","type":"page","link":"https:\/\/ms-ihub.com\/en\/zaposlitev\/","title":{"rendered":"Zaposlitev"},"content":{"rendered":"<div class=\"headerContainer\">\n<h1 class=\"h1-secondary-pages\"><strong>Build Smarter Solutions Together<\/strong><\/h1>\n<\/div>\n\n\n\n<div class=\"content-section gsbp-521b57f\">\n<div class=\"col-2\">\n<div class=\"col-content gap-16 gsbp-cf0722f\">\n<p class=\"text-gray m-0\">At MS iHub, we're not just looking for employees. We're looking for people who genuinely care about solving real business challenges through technology. We\u2019re a small, close-knit team where every person counts. You work directly with decision-makers, clients, and end users. No endless approval chains. No unnecessary bureaucracy. <\/p>\n\n\n\n<div class=\"highlight-block gsbp-ae90be0\">\n<p class=\"m-0 highlighted-text gsbp-1721bfd\">Just meaningful work that matters.<\/p>\n<\/div>\n<\/div>\n<\/div>\n\n\n\n<div class=\"col-2 why-us\">\n<div class=\"col-content gap-24\">\n<h2 class=\"gsbp-8de99d2\"><strong>Why join MS iHub?<\/strong>?<\/h2>\n\n\n\n<div class=\"gap-8 inner-content\">\n<h4 class=\"heading-04\">Real projects, real impact<\/h4>\n\n\n\n<p class=\"text-gray m-0\">You won\u2019t be building features that might get used someday. You\u2019ll be building solutions that go live. Fast validation, real feedback, visible results.<\/p>\n<\/div>\n\n\n\n<div class=\"gap-8 inner-content\">\n<h4 class=\"heading-04\"><strong>Small team, big influence<\/strong><\/h4>\n\n\n\n<p class=\"text-gray m-0\">Your ideas don\u2019t get \"passed along\" \u2013 they shape the solution. From concept to execution.<\/p>\n<\/div>\n\n\n\n<div class=\"gap-8 inner-content\">\n<h4 class=\"heading-04\">Flexible work<\/h4>\n\n\n\n<p class=\"text-gray m-0\">We currently work fully remotely. It\u2019s not about where you work \u2013 it\u2019s about what you create.<\/p>\n<\/div>\n\n\n\n<div class=\"gap-8 inner-content\">\n<h4 class=\"heading-04\"><strong>Continuous learning<\/strong><\/h4>\n\n\n\n<p class=\"text-gray m-0\">No one knows everything \u2013 and we see that as a strength. Whether you're into AI, system architecture, or UX, there\u2019s always space to grow.<\/p>\n<\/div>\n\n\n\n<div class=\"gap-8 inner-content\">\n<h4 class=\"heading-04\"><strong>Honest collaboration<\/strong><\/h4>\n\n\n\n<p class=\"text-gray m-0\">Fair pay, clear communication, and relaxed but respectful relationships.<\/p>\n<\/div>\n<\/div>\n\n\n\n<div class=\"col-content\">\n<img decoding=\"async\" class=\"career-image\" src=\"https:\/\/ms-ihub.com\/wp-content\/uploads\/2026\/01\/coffee.avif\" alt=\"Zanesljiva zaposlitev v MS iHub. \u010clan ekipe dela na ra\u010dunalniku ob \u010drni skodelici.\" width=\"385\" height=\"245\" loading=\"lazy\"\/>\n<\/div>\n<\/div>\n\n\n\n<div class=\"gap-64 vertical-content gsbp-3875725\">\n<div class=\"gap-24 contained-centered-section\">\n<h2 class=\"heading-02\"><strong>Open Positions<\/strong><\/h2>\n\n\n\n<p class=\"text-gray m-0\">We\u2019re currently actively searching for fresh team members in the following positions:<\/p>\n<\/div>\n\n\n\n<div class=\"col-content h-v-center gap-24 gsbp-fb19561\">\n<div class=\"wp-block-query full-width is-layout-flow wp-block-query-is-layout-flow\"><\/div>\n\n\n\n<div class=\"gs_accordion gsbp-a9afcd3\" data-type=\"accordion-component\">\n<div class=\"gs_item\">\n<div class=\"gs_title\">\n<button aria-controls=\"gs-content-gsbp-a9afcd3-0\" id=\"gs-trigger-gsbp-a9afcd3-0\" class=\"gs_click_sync\" type=\"button\" aria-expanded=\"false\">\n<h4 class=\"gs_name heading-04\">Other<\/h4>\n\n\n\n<svg viewbox=\"0 0 512 1024\" width=\"512\" height=\"1024\" class=\"gs_icon\"><path d=\"M476.95 951.070l14.142-14.14c9.372-9.372 9.372-24.568 0-33.942l-390.986-390.988 390.986-390.988c9.372-9.372 9.372-24.568 0-33.942l-14.142-14.14c-9.372-9.372-24.568-9.372-33.94 0l-422.102 422.1c-9.372 9.372-9.372 24.568 0 33.942l422.102 422.1c9.372 9.372 24.568 9.372 33.94-0.002z\" \/><\/svg>\n<\/button>\n<\/div>\n\n\n\n<div aria-labelledby=\"gs-trigger-gsbp-a9afcd3-0\" id=\"gs-content-gsbp-a9afcd3-0\" class=\"gs_content\" role=\"region\" aria-hidden=\"true\">\n<div class=\"gs_content_inner\">\n<p class=\"m-0\">Is the position you\u2019re looking for not on the list? Don\u2019t worry, send us your CV anyways! We\u2019re always open to talented members for either full time or project based collaboration!<\/p>\n<\/div>\n<\/div>\n<\/div>\n<\/div>\n<\/div>\n\n\n\n<div class=\"col-content h-v-center gap-24\">\n<p class=\"text-gray m-0 text-center text-wrap-pretty\">Send your CV or quick intro to\u00a0<strong><a href=\"mailto:matej.senozetnik@ms-ihub.com\">matej.senozetnik@ms-ihub.com<\/a><\/strong>.<br>We'll get back to you shortly.<\/p>\n<\/div>\n<\/div>\n<\/div>\n\n\n\n<section class=\"fullwidth-highlighted-section double-sided-graphic alignfull\">\n<div class=\"footer-cta center-middle\" data-type=\"content-area-component\">\n<div class=\"centered-limited-section\">\n<h2 class=\"heading-02 gsbp-67db2ec\">Let\u2019s discover new opportunities for your business<\/h2>\n\n\n\n<a class=\"btn-primary gsbp-064fc89\" href=\"https:\/\/ms-ihub.com\/en\/kontakt\/\" data-type=\"button-component\">\n<p class=\"gsbp-3bbb015\">Get in touch<\/p>\n\n\n\n<svg fill=\"none\" viewbox=\"0 0 24 24\" width=\"24\" height=\"24\" class=\"gsbp-288b045\">\n<path xmlns=\"http:\/\/www.w3.org\/2000\/svg\" d=\"M20.9021 12.5341C20.9995 12.2789 21.0249 11.998 20.9753 11.7271C20.9256 11.4562 20.803 11.2073 20.6231 11.012L15.4799 5.42631C15.3613 5.29294 15.2194 5.18656 15.0626 5.11337C14.9057 5.04019 14.737 5.00166 14.5662 5.00005C14.3955 4.99844 14.2262 5.03377 14.0682 5.10399C13.9102 5.1742 13.7666 5.27789 13.6459 5.409C13.5252 5.54012 13.4297 5.69603 13.365 5.86765C13.3004 6.03926 13.2678 6.22315 13.2693 6.40856C13.2708 6.59398 13.3063 6.77722 13.3737 6.94759C13.4411 7.11796 13.539 7.27205 13.6618 7.40086L16.6114 10.6043H4.2858C3.94478 10.6043 3.61773 10.7514 3.3766 11.0133C3.13547 11.2752 3 11.6303 3 12.0007C3 12.3711 3.13547 12.7262 3.3766 12.9881C3.61773 13.25 3.94478 13.3971 4.2858 13.3971H16.6114L13.6631 16.5991C13.5403 16.728 13.4423 16.882 13.375 17.0524C13.3076 17.2228 13.2721 17.406 13.2706 17.5914C13.2691 17.7769 13.3017 17.9607 13.3663 18.1324C13.431 18.304 13.5264 18.4599 13.6472 18.591C13.7679 18.7221 13.9115 18.8258 14.0695 18.896C14.2275 18.9662 14.3968 19.0016 14.5675 18.9999C14.7383 18.9983 14.907 18.9598 15.0639 18.8866C15.2207 18.8134 15.3626 18.7071 15.4812 18.5737L20.6244 12.988C20.7435 12.858 20.8379 12.7038 20.9021 12.5341Z\" fill=\"white\"\/>\n<\/svg>\n<\/a>\n<\/div>\n<\/div>\n<\/section>","protected":false},"excerpt":{"rendered":"","protected":false},"author":1,"featured_media":0,"parent":0,"menu_order":0,"comment_status":"closed","ping_status":"closed","template":"","meta":{"_acf_changed":false,"_gspb_post_css":".gsbp-cf0722f{display:flex;justify-content:flex-start;align-items:flex-start}.gsbp-ae90be0{margin-right:auto;margin-left:auto}@media (max-width:767.98px){.why-us{display:flex;flex-direction:column}}@media (max-width:575.98px){.gsbp-8de99d2{font-size:28px}}.inner-content{display:flex;flex-direction:column}.career-image{width:100%;height:auto;position:sticky;top:120px}body .text-center:is(p){text-align:center}@media (max-width:575.98px){body .text-wrap-pretty:is(p){text-wrap:pretty}}.double-sided-graphic{background-image:url(https:\/\/ms-ihub.com\/wp-content\/uploads\/2026\/01\/double-sided-cta-graphic.svg);background-repeat:no-repeat;background-size:cover;background-position:center}.center-middle{display:flex;justify-content:center}.centered-limited-section{display:inline-flex;flex-direction:column;align-items:center;row-gap:32px;column-gap:32px;width:100%;max-width:800px}@media (max-width:991.98px){.centered-limited-section{width:100%}}.gsbp-67db2ec{text-align:center}@media (max-width:575.98px){.gsbp-67db2ec{font-size:28px}.gsbp-064fc89{width:100%;display:flex;justify-content:center}}.gsbp-3bbb015{font-size:16px;font-weight:500;color:var(--wp--preset--color--base, #FFFFFF);margin:0;padding:0}@media (max-width:575.98px){.gsbp-3bbb015{font-size:16px;font-weight:500;color:var(--wp--preset--color--base, #FFFFFF);margin:0;padding:0}}.gsbp-288b045{width:24px;height:24px;fill:var(--wp--preset--color--base, #FFFFFF)}@media (max-width:575.98px){.gsbp-288b045{width:24px;height:24px;fill:var(--wp--preset--color--base, #FFFFFF)}}.gs_accordion{width:100%;box-shadow:0 4px 8px 0 #4a4a4a08}.gs_accordion>.gs_item{border-top-left-radius:8px;border-bottom-left-radius:8px;border-top-right-radius:8px;border-bottom-right-radius:8px;overflow:hidden;border-width:1px;border-style:solid;border-color:var(--wp--preset--color--border, #00000012)}.gs_accordion .gs_title{margin:0;padding:0}.gs_accordion .gs_title button{border:0;padding:1rem 1.5rem;display:flex;justify-content:space-between;align-items:center;width:100%;cursor:pointer;column-gap:5px;background-color:var(--wp--preset--color--base, #FFFFFF)}.gs_accordion .gs_title .gs_icon{width:17px;height:17px;transition:all .5s ease}.gs_accordion>.gs_item>.gs_content{max-height:0;overflow:hidden;transition:max-height .5s cubic-bezier(.42,0,.58,1),opacity .4s cubic-bezier(.42,0,.58,1);opacity:0}.gs_accordion>.gs_item[data-active]>.gs_content{max-height:5000px;opacity:1}.gs_accordion .gs_content>.gs_content_inner{padding:25px;font-size:1rem;line-height:1.7rem}.gs_accordion>.gs_item[data-active]>.gs_title .gs_icon{transform:rotate(-90deg)}.gsbp-93dbe01{max-width:40px;max-height:40px}","formatted_excerpt":"","footnotes":""},"class_list":["post-76","page","type-page","status-publish","hentry"],"acf":[],"_links":{"self":[{"href":"https:\/\/ms-ihub.com\/en\/wp-json\/wp\/v2\/pages\/76","targetHints":{"allow":["GET"]}}],"collection":[{"href":"https:\/\/ms-ihub.com\/en\/wp-json\/wp\/v2\/pages"}],"about":[{"href":"https:\/\/ms-ihub.com\/en\/wp-json\/wp\/v2\/types\/page"}],"author":[{"embeddable":true,"href":"https:\/\/ms-ihub.com\/en\/wp-json\/wp\/v2\/users\/1"}],"replies":[{"embeddable":true,"href":"https:\/\/ms-ihub.com\/en\/wp-json\/wp\/v2\/comments?post=76"}],"version-history":[{"count":31,"href":"https:\/\/ms-ihub.com\/en\/wp-json\/wp\/v2\/pages\/76\/revisions"}],"predecessor-version":[{"id":922,"href":"https:\/\/ms-ihub.com\/en\/wp-json\/wp\/v2\/pages\/76\/revisions\/922"}],"wp:attachment":[{"href":"https:\/\/ms-ihub.com\/en\/wp-json\/wp\/v2\/media?parent=76"}],"curies":[{"name":"wp","href":"https:\/\/api.w.org\/{rel}","templated":true}]}}